{"id":5624,"date":"2024-01-17T08:13:32","date_gmt":"2024-01-17T08:13:32","guid":{"rendered":"https:\/\/ultra.inspirylabs.com\/hotel\/?page_id=5624"},"modified":"2024-05-13T17:32:29","modified_gmt":"2024-05-13T20:32:29","slug":"contato","status":"publish","type":"page","link":"https:\/\/jcporto.com.br\/?page_id=5624","title":{"rendered":"Contato"},"content":{"rendered":"\t\t<div data-elementor-type=\"wp-page\" data-elementor-id=\"5624\" class=\"elementor elementor-5624\" data-elementor-post-type=\"page\">\n\t\t\t\t<div class=\"elementor-element elementor-element-8a4d96a e-con-full e-flex e-con e-parent\" data-id=\"8a4d96a\" data-element_type=\"container\">\n\t\t<div class=\"elementor-element elementor-element-e93314e e-con-full e-flex e-con e-child\" data-id=\"e93314e\" data-element_type=\"container\" data-settings=\"{&quot;background_background&quot;:&quot;classic&quot;}\">\n\t\t\t\t<div class=\"elementor-element elementor-element-6943561 elementor-widget elementor-widget-heading\" data-id=\"6943561\" data-element_type=\"widget\" data-widget_type=\"heading.default\">\n\t\t\t\t<div class=\"elementor-widget-container\">\n\t\t\t<h2 class=\"elementor-heading-title elementor-size-default\">Conte conosco, <br>\nestamos \u00e0 disposi\u00e7\u00e3o<\/h2>\t\t<\/div>\n\t\t\t\t<\/div>\n\t\t\t\t<div class=\"elementor-element elementor-element-494ef6e elementor-widget elementor-widget-rhea-inquiry-form\" data-id=\"494ef6e\" data-element_type=\"widget\" data-widget_type=\"rhea-inquiry-form.default\">\n\t\t\t\t<div class=\"elementor-widget-container\">\n\t\t\t            <div class=\"rhea-inquiry-form-wrapper\">\n                <form class=\"rhea-inquiry-form\" id=\"inquiry_494ef6e\" action=\"https:\/\/jcporto.com.br\/wp-admin\/admin-ajax.php\" method=\"post\">\n                    <div class=\"rhea-inquiry-form-inner\">\n\t\t\t\t\t\t                            <div class=\"rhea-inquiry-field rhea-field-type-name elementor-repeater-item-146c85f\">\n\t\t\t\t\t\t\t\t                <input class=\"rhea-inquiry-form-field  required \" name=\"name\" id=\"146c85f\" type=\"text\" placeholder=\"Nome\" title=\"\">\n\t\t\t\t                            <\/div>\n\t\t\t\t\t\t\t                            <div class=\"rhea-inquiry-field rhea-field-type-number elementor-repeater-item-584f26f\">\n\t\t\t\t\t\t\t\t                <input class=\"rhea-inquiry-form-field \" name=\"number\" id=\"584f26f\" type=\"text\" placeholder=\"Telefone\" title=\"\">\n\t\t\t\t                            <\/div>\n\t\t\t\t\t\t\t                            <div class=\"rhea-inquiry-field rhea-field-type-email elementor-repeater-item-d9a2792\">\n\t\t\t\t\t\t\t\t                <input class=\"rhea-inquiry-form-field  required \" name=\"email\" id=\"d9a2792\" type=\"email\" placeholder=\"E-mail\" title=\"Provide a valid email address\">\n\t\t\t\t                            <\/div>\n\t\t\t\t\t\t\t                            <div class=\"rhea-inquiry-field rhea-field-type-message elementor-repeater-item-9824a83\">\n\t\t\t\t\t\t\t\t                <textarea class=\"rhea-inquiry-form-field  required \" name=\"message\" id=\"9824a83\" placeholder=\"Mensagem\" cols=\"30\" rows=\"4\" title=\"\"><\/textarea>\n\t\t\t\t                            <\/div>\n\t\t\t\t\t\t\t                        <input type=\"hidden\" name=\"nonce\" value=\"760d1237be\" \/>\n                        <input type=\"hidden\" name=\"target-email\" value=\"&#99;o&#110;&#116;&#97;t&#111;&#64;j&#99;&#112;or&#116;&#111;&#46;&#99;&#111;&#109;&#46;&#98;&#114;\" \/>\n                        <input type=\"hidden\" name=\"target-email-cc\" value=\"\" \/>\n                        <input type=\"hidden\" name=\"target-email-bcc\" value=\"\" \/>\n                        <input type=\"hidden\" name=\"action\" value=\"rhea_inquiry_send_message\" \/>\n\n\t\t\t\t\t\t                            <div class=\"rhea-inquiry-submit-wrapper submit-button-inline\">\n                                <button class=\"rhea-custom-button default\" type=\"submit\" name=\"submit\" id=\"inquiry-submit-494ef6e\">\n                                    <span class=\"rhea-inquiry-button-text\">Enviar<\/span>\n                                    <div class=\"rhea-ajax-loader\">\n                                        <span class=\"rhea_loader_box\"><svg xmlns=\"http:\/\/www.w3.org\/2000\/svg\" xmlns:xlink=\"http:\/\/www.w3.org\/1999\/xlink\" width=\"32px\" height=\"32px\" viewBox=\"0 0 128 128\" xml:space=\"preserve\"><rect x=\"0\" y=\"0\" width=\"100%\" height=\"100%\" fill=\"#FFFFFF\" \/><g><path d=\"M75.4 126.63a11.43 11.43 0 0 1-2.1-22.65 40.9 40.9 0 0 0 30.5-30.6 11.4 11.4 0 1 1 22.27 4.87h.02a63.77 63.77 0 0 1-47.8 48.05v-.02a11.38 11.38 0 0 1-2.93.37z\" fill=\"#1ea69a\" fill-opacity=\"1\"\/><animateTransform attributeName=\"transform\" type=\"rotate\" from=\"0 64 64\" to=\"360 64 64\" dur=\"1000ms\" repeatCount=\"indefinite\"><\/animateTransform><\/g><\/svg>\n<\/span>\n                                    <\/div>\n                                <\/button>\n                            <\/div>\n\t\t\t\t\t\t\t                        <div class=\"rhea-inquiry-form-break\"><\/div>\n                        <div class=\"rhea-message-container\"><\/div>\n                        <div class=\"rhea-error-container\"><\/div>\n\t\t\t\t\t\t                    <\/div>\n                <\/form>\n            <\/div>\n            <script type=\"application\/javascript\">\n                jQuery( document ).on( 'ready', function () {\n                    rheaSubmitContactForm( \"#inquiry_494ef6e\", \"#inquiry-submit-494ef6e\" );\n                } );\n            <\/script>\n\t\t\t\t\t<\/div>\n\t\t\t\t<\/div>\n\t\t\t\t<\/div>\n\t\t<div class=\"elementor-element elementor-element-3458065 e-con-full e-flex e-con e-child\" data-id=\"3458065\" data-element_type=\"container\" data-settings=\"{&quot;background_background&quot;:&quot;classic&quot;}\">\n\t\t\t\t<div class=\"elementor-element elementor-element-af7e41a elementor-widget elementor-widget-heading\" data-id=\"af7e41a\" data-element_type=\"widget\" data-widget_type=\"heading.default\">\n\t\t\t\t<div class=\"elementor-widget-container\">\n\t\t\t<h2 class=\"elementor-heading-title elementor-size-default\">Contato para vendas<\/h2>\t\t<\/div>\n\t\t\t\t<\/div>\n\t\t\t\t<div class=\"elementor-element elementor-element-7d050fc elementor-widget elementor-widget-rhea-button-widget\" data-id=\"7d050fc\" data-element_type=\"widget\" data-widget_type=\"rhea-button-widget.default\">\n\t\t\t\t<div class=\"elementor-widget-container\">\n\t\t\t            <a class=\"rhea-custom-button default\" href=\"\"\n\t\t\t\t\t\t\t\t            >\n\t\t\t\t                    <i class=\"fa-solid fas fa-phone-alt\"><\/i>(11)99394-2300            <\/a>\n\t\t\t\t\t<\/div>\n\t\t\t\t<\/div>\n\t\t\t\t<div class=\"elementor-element elementor-element-cc2c1e3 elementor-widget elementor-widget-rhea-button-widget\" data-id=\"cc2c1e3\" data-element_type=\"widget\" data-widget_type=\"rhea-button-widget.default\">\n\t\t\t\t<div class=\"elementor-widget-container\">\n\t\t\t            <a class=\"rhea-custom-button default\" href=\"tel:4675750188\"\n\t\t\t\t\t\t\t\t            >\n\t\t\t\t                    <i class=\"fa-solid fas fa-mobile-alt\"><\/i>(11)99394-2300            <\/a>\n\t\t\t\t\t<\/div>\n\t\t\t\t<\/div>\n\t\t\t\t<div class=\"elementor-element elementor-element-7b2599b elementor-widget elementor-widget-rhea-button-widget\" data-id=\"7b2599b\" data-element_type=\"widget\" data-widget_type=\"rhea-button-widget.default\">\n\t\t\t\t<div class=\"elementor-widget-container\">\n\t\t\t            <a class=\"rhea-custom-button default\" href=\"mailto:contato@jcporto.com.br\"\n\t\t\t\t\t\t\t\t            >\n\t\t\t\t                    <i class=\"fa-solid fas fa-envelope-square\"><\/i>contato@jcporto.com.br            <\/a>\n\t\t\t\t\t<\/div>\n\t\t\t\t<\/div>\n\t\t\t\t<div class=\"elementor-element elementor-element-96350d0 elementor-widget elementor-widget-rhea-button-widget\" data-id=\"96350d0\" data-element_type=\"widget\" data-widget_type=\"rhea-button-widget.default\">\n\t\t\t\t<div class=\"elementor-widget-container\">\n\t\t\t            <a class=\"rhea-custom-button default\" href=\"https:\/\/maps.app.goo.gl\/E36Fda7J5QLjcYLx7\"\n\t\t\t\ttarget=\"_blank\"\t\t\t\t            >\n\t\t\t\t                    <i class=\"fa-solid fas fa-map-pin\"><\/i>Av Fagundes Filho, 486 Sala 124            <\/a>\n\t\t\t\t\t<\/div>\n\t\t\t\t<\/div>\n\t\t\t\t<\/div>\n\t\t\t\t<\/div>\n\t\t<div class=\"elementor-element elementor-element-10be4d5 e-flex e-con-boxed e-con e-parent\" data-id=\"10be4d5\" data-element_type=\"container\">\n\t\t\t\t\t<div class=\"e-con-inner\">\n\t\t\t\t<div class=\"elementor-element elementor-element-244ad37 elementor-widget elementor-widget-heading\" data-id=\"244ad37\" data-element_type=\"widget\" data-widget_type=\"heading.default\">\n\t\t\t\t<div class=\"elementor-widget-container\">\n\t\t\t<h2 class=\"elementor-heading-title elementor-size-default\">Onde estamos?<\/h2>\t\t<\/div>\n\t\t\t\t<\/div>\n\t\t\t\t\t<\/div>\n\t\t\t\t<\/div>\n\t\t<div class=\"elementor-element elementor-element-80ee9e8 e-flex e-con-boxed e-con e-parent\" data-id=\"80ee9e8\" data-element_type=\"container\">\n\t\t\t\t\t<div class=\"e-con-inner\">\n\t\t\t\t<div class=\"elementor-element elementor-element-a7ba58e elementor-widget elementor-widget-rhea-single-property-map-widget\" data-id=\"a7ba58e\" data-element_type=\"widget\" data-settings=\"{&quot;show_as_infowindow&quot;:&quot;yes&quot;,&quot;location_label&quot;:&quot;Localiza\\u00e7\\u00e3o&quot;,&quot;address&quot;:&quot;Av. Fagundes Filho 486, sala 124,&lt;br&gt;Vila da Sa\\u00fade, S\\u00e3o Paulo\\\/SP&quot;,&quot;iw_x_offset&quot;:{&quot;unit&quot;:&quot;px&quot;,&quot;size&quot;:&quot;&quot;,&quot;sizes&quot;:[]},&quot;iw_y_offset&quot;:{&quot;unit&quot;:&quot;px&quot;,&quot;size&quot;:&quot;&quot;,&quot;sizes&quot;:[]}}\" data-widget_type=\"rhea-single-property-map-widget.default\">\n\t\t\t\t<div class=\"elementor-widget-container\">\n\t\t\t        <div id=\"rhea-single-property-map-wrapper-a7ba58e\" class=\"rhea-single-property-map-wrapper rhea-single-property-map-fullwidth\" data-clear=rhea-single-property-map-wrapper data-label=Localiza\u00e7\u00e3o data-lat=-23.627323872968365 data-long=-46.63674171534138 data-zoom=14 data-map-type=open-street-map data-map-marker=https:\/\/ultra.inspirylabs.com\/hotel\/wp-content\/uploads\/sites\/15\/2023\/11\/available-rooms.svg>\n            <div id=\"rhea-single-property-map-a7ba58e\" class=\"rhea-single-property-map\"><\/div>\n\t\t\t        <\/div>\n\t\t\t\t<\/div>\n\t\t\t\t<\/div>\n\t\t\t\t\t<\/div>\n\t\t\t\t<\/div>\n\t\t\t\t<\/div>\n\t\t","protected":false},"excerpt":{"rendered":"<p>Conte conosco, estamos \u00e0 disposi\u00e7\u00e3o Enviar Contato para vendas (11)99394-2300 (11)99394-2300 contato@jcporto.com.br Av Fagundes Filho, 486 Sala 124 Onde estamos?<\/p>\n","protected":false},"author":1,"featured_media":0,"parent":0,"menu_order":0,"comment_status":"closed","ping_status":"closed","template":"","meta":{"_joinchat":[],"footnotes":""},"class_list":["post-5624","page","type-page","status-publish","hentry"],"_links":{"self":[{"href":"https:\/\/jcporto.com.br\/index.php?rest_route=\/wp\/v2\/pages\/5624","targetHints":{"allow":["GET"]}}],"collection":[{"href":"https:\/\/jcporto.com.br\/index.php?rest_route=\/wp\/v2\/pages"}],"about":[{"href":"https:\/\/jcporto.com.br\/index.php?rest_route=\/wp\/v2\/types\/page"}],"author":[{"embeddable":true,"href":"https:\/\/jcporto.com.br\/index.php?rest_route=\/wp\/v2\/users\/1"}],"replies":[{"embeddable":true,"href":"https:\/\/jcporto.com.br\/index.php?rest_route=%2Fwp%2Fv2%2Fcomments&post=5624"}],"version-history":[{"count":31,"href":"https:\/\/jcporto.com.br\/index.php?rest_route=\/wp\/v2\/pages\/5624\/revisions"}],"predecessor-version":[{"id":168241,"href":"https:\/\/jcporto.com.br\/index.php?rest_route=\/wp\/v2\/pages\/5624\/revisions\/168241"}],"wp:attachment":[{"href":"https:\/\/jcporto.com.br\/index.php?rest_route=%2Fwp%2Fv2%2Fmedia&parent=5624"}],"curies":[{"name":"wp","href":"https:\/\/api.w.org\/{rel}","templated":true}]}}